{"id":19261,"date":"2024-04-02T08:44:08","date_gmt":"2024-04-02T06:44:08","guid":{"rendered":"https:\/\/www.mojatorta.hr\/novo\/?page_id=19261"},"modified":"2024-04-04T11:28:43","modified_gmt":"2024-04-04T09:28:43","slug":"torte","status":"publish","type":"page","link":"https:\/\/www.mojatorta.hr\/novo\/torte\/","title":{"rendered":"Torte"},"content":{"rendered":"\t\t<div data-elementor-type=\"wp-page\" data-elementor-id=\"19261\" class=\"elementor elementor-19261\" data-elementor-post-type=\"page\">\n\t\t\t\t<div class=\"elementor-element elementor-element-72adeab e-flex e-con-boxed e-con e-parent\" data-id=\"72adeab\" data-element_type=\"container\" data-settings=\"{&quot;background_background&quot;:&quot;classic&quot;}\">\n\t\t\t\t\t<div class=\"e-con-inner\">\n\t\t<div class=\"elementor-element elementor-element-0484d19 e-con-full e-flex e-con e-child\" data-id=\"0484d19\" data-element_type=\"container\" data-settings=\"{&quot;background_background&quot;:&quot;classic&quot;}\">\n\t\t\t\t<div class=\"elementor-element elementor-element-9e5cbfd elementor-widget elementor-widget-heading\" data-id=\"9e5cbfd\" data-element_type=\"widget\" data-widget_type=\"heading.default\">\n\t\t\t\t<div class=\"elementor-widget-container\">\n\t\t\t\t\t<h2 class=\"elementor-heading-title elementor-size-default\">Torte<\/h2>\t\t\t\t<\/div>\n\t\t\t\t<\/div>\n\t\t\t\t<\/div>\n\t\t\t\t\t<\/div>\n\t\t\t\t<\/div>\n\t\t<div class=\"elementor-element elementor-element-534dbbf e-flex e-con-boxed e-con e-parent\" data-id=\"534dbbf\" data-element_type=\"container\">\n\t\t\t\t\t<div class=\"e-con-inner\">\n\t\t\t\t<div class=\"elementor-element elementor-element-1b88bf3 elementor-widget elementor-widget-ts-products\" data-id=\"1b88bf3\" data-element_type=\"widget\" data-widget_type=\"ts-products.default\">\n\t\t\t\t<div class=\"elementor-widget-container\">\n\t\t\t\t\t\t\t<div class=\"ts-product-wrapper ts-shortcode ts-product woocommerce columns-4 recent title-default\" >\n\t\t\n\t\t\t\t\t\t\n\t\t\t<div class=\"content-wrapper \">\n\t\t\t\t<div class=\"products\"><section class=\"product type-product post-40 status-publish first instock product_cat-torte product_tag-torte has-post-thumbnail shipping-taxable purchasable product-type-simple\" data-product_id=\"40\">\n\t<div class=\"product-wrapper\">\n\t\t\t\n\t\t<div class=\"thumbnail-wrapper\">\n\t\t\t<a href=\"https:\/\/www.mojatorta.hr\/novo\/product\/coko-keks-torta\/\">\n\n\t\t\t\t<figure class=\"no-back-image\"><img fetchpriority=\"high\" decoding=\"async\" src=\"https:\/\/www.mojatorta.hr\/novo\/wp-content\/themes\/mydecor\/images\/prod_loading.gif\" data-src=\"https:\/\/www.mojatorta.hr\/novo\/wp-content\/uploads\/2024\/03\/Monte_torta-450x450.jpg\" class=\"attachment-shop_catalog wp-post-image ts-lazy-load\" alt=\"\" width=\"450\" height=\"450\" \/><\/figure>\n\t\t\t<\/a>\n\t\t\t\t<div class=\"product-group-button\"><\/div>\t\t\t\n\t\t<\/div>\n\t\t<div class=\"meta-wrapper\">\n\t\t\t<h3 class=\"heading-title product-name\"><a href=\"https:\/\/www.mojatorta.hr\/novo\/product\/coko-keks-torta\/\">\u010coko-keks torta<\/a><\/h3>\n\t<span class=\"price\"><span class=\"woocommerce-Price-amount amount\"><bdi>24,00&nbsp;<span class=\"woocommerce-Price-currencySymbol\">&euro;<\/span><\/bdi><\/span><\/span>\n\t<div class=\"short-description\">\n\t\tIme govori sve - \u010dokoladna torta s keksom,\t<\/div>\n\t<div class=\"product-group-button-meta\"><div class=\"loop-add-to-cart\"><a href=\"\/novo\/wp-json\/wp\/v2\/pages\/19261?add-to-cart=40\" data-quantity=\"1\" class=\"button product_type_simple add_to_cart_button ajax_add_to_cart\" data-product_id=\"40\" data-product_sku=\"\" aria-label=\"Dodaj u ko\u0161aricu: &quot;\u010coko-keks torta&quot;\" rel=\"nofollow\" data-success_message=\"&quot;\u010coko-keks torta&quot; je dodan u va\u0161u ko\u0161aricu\"><span class=\"ts-tooltip button-tooltip\">Dodaj u ko\u0161aricu<\/span><\/a><\/div><\/div>\t\t<\/div>\n\t<\/div>\n<\/section><section class=\"product type-product post-38 status-publish instock product_cat-torte product_tag-torte has-post-thumbnail shipping-taxable purchasable product-type-simple\" data-product_id=\"38\">\n\t<div class=\"product-wrapper\">\n\t\t\t\n\t\t<div class=\"thumbnail-wrapper\">\n\t\t\t<a href=\"https:\/\/www.mojatorta.hr\/novo\/product\/parfe-torta-sumsko-voce\/\">\n\n\t\t\t\t<figure class=\"no-back-image\"><img decoding=\"async\" src=\"https:\/\/www.mojatorta.hr\/novo\/wp-content\/themes\/mydecor\/images\/prod_loading.gif\" data-src=\"https:\/\/www.mojatorta.hr\/novo\/wp-content\/uploads\/2024\/03\/Torta_sumsko_voce-450x450.jpg\" class=\"attachment-shop_catalog wp-post-image ts-lazy-load\" alt=\"\" width=\"450\" height=\"450\" \/><\/figure>\n\t\t\t<\/a>\n\t\t\t\t<div class=\"product-group-button\"><\/div>\t\t\t\n\t\t<\/div>\n\t\t<div class=\"meta-wrapper\">\n\t\t\t<h3 class=\"heading-title product-name\"><a href=\"https:\/\/www.mojatorta.hr\/novo\/product\/parfe-torta-sumsko-voce\/\">Parfe torta \u0161umsko vo\u0107e<\/a><\/h3>\n\t<span class=\"price\"><span class=\"woocommerce-Price-amount amount\"><bdi>24,00&nbsp;<span class=\"woocommerce-Price-currencySymbol\">&euro;<\/span><\/bdi><\/span><\/span>\n\t<div class=\"short-description\">\n\t\tKremasta, ljetna torta s \u0161umskim vo\u0107em.\t<\/div>\n\t<div class=\"product-group-button-meta\"><div class=\"loop-add-to-cart\"><a href=\"\/novo\/wp-json\/wp\/v2\/pages\/19261?add-to-cart=38\" data-quantity=\"1\" class=\"button product_type_simple add_to_cart_button ajax_add_to_cart\" data-product_id=\"38\" data-product_sku=\"\" aria-label=\"Dodaj u ko\u0161aricu: &quot;Parfe torta \u0161umsko vo\u0107e&quot;\" rel=\"nofollow\" data-success_message=\"&quot;Parfe torta \u0161umsko vo\u0107e&quot; je dodan u va\u0161u ko\u0161aricu\"><span class=\"ts-tooltip button-tooltip\">Dodaj u ko\u0161aricu<\/span><\/a><\/div><\/div>\t\t<\/div>\n\t<\/div>\n<\/section><section class=\"product type-product post-36 status-publish instock product_cat-torte product_tag-torte has-post-thumbnail shipping-taxable purchasable product-type-simple\" data-product_id=\"36\">\n\t<div class=\"product-wrapper\">\n\t\t\t\n\t\t<div class=\"thumbnail-wrapper\">\n\t\t\t<a href=\"https:\/\/www.mojatorta.hr\/novo\/product\/schwarzwald-torta\/\">\n\n\t\t\t\t<figure class=\"no-back-image\"><img decoding=\"async\" src=\"https:\/\/www.mojatorta.hr\/novo\/wp-content\/themes\/mydecor\/images\/prod_loading.gif\" data-src=\"https:\/\/www.mojatorta.hr\/novo\/wp-content\/uploads\/2024\/03\/Schwarzwald_torta-450x450.jpg\" class=\"attachment-shop_catalog wp-post-image ts-lazy-load\" alt=\"\" width=\"450\" height=\"450\" \/><\/figure>\n\t\t\t<\/a>\n\t\t\t\t<div class=\"product-group-button\"><\/div>\t\t\t\n\t\t<\/div>\n\t\t<div class=\"meta-wrapper\">\n\t\t\t<h3 class=\"heading-title product-name\"><a href=\"https:\/\/www.mojatorta.hr\/novo\/product\/schwarzwald-torta\/\">Schwarzwald torta<\/a><\/h3>\n\t<span class=\"price\"><span class=\"woocommerce-Price-amount amount\"><bdi>24,00&nbsp;<span class=\"woocommerce-Price-currencySymbol\">&euro;<\/span><\/bdi><\/span><\/span>\n\t<div class=\"short-description\">\n\t\tNjema\u010dki klasik, torta sa \u010dokoladom, \u0161lagom i vi\u0161njama.\t<\/div>\n\t<div class=\"product-group-button-meta\"><div class=\"loop-add-to-cart\"><a href=\"\/novo\/wp-json\/wp\/v2\/pages\/19261?add-to-cart=36\" data-quantity=\"1\" class=\"button product_type_simple add_to_cart_button ajax_add_to_cart\" data-product_id=\"36\" data-product_sku=\"\" aria-label=\"Dodaj u ko\u0161aricu: &quot;Schwarzwald torta&quot;\" rel=\"nofollow\" data-success_message=\"&quot;Schwarzwald torta&quot; je dodan u va\u0161u ko\u0161aricu\"><span class=\"ts-tooltip button-tooltip\">Dodaj u ko\u0161aricu<\/span><\/a><\/div><\/div>\t\t<\/div>\n\t<\/div>\n<\/section><section class=\"product type-product post-34 status-publish last instock product_cat-torte product_tag-torte has-post-thumbnail shipping-taxable purchasable product-type-simple\" data-product_id=\"34\">\n\t<div class=\"product-wrapper\">\n\t\t\t\n\t\t<div class=\"thumbnail-wrapper\">\n\t\t\t<a href=\"https:\/\/www.mojatorta.hr\/novo\/product\/crno-bijela-torta\/\">\n\n\t\t\t\t<figure class=\"no-back-image\"><img loading=\"lazy\" decoding=\"async\" src=\"https:\/\/www.mojatorta.hr\/novo\/wp-content\/themes\/mydecor\/images\/prod_loading.gif\" data-src=\"https:\/\/www.mojatorta.hr\/novo\/wp-content\/uploads\/2024\/03\/Crno-bijela_torta-450x450.jpg\" class=\"attachment-shop_catalog wp-post-image ts-lazy-load\" alt=\"\" width=\"450\" height=\"450\" \/><\/figure>\n\t\t\t<\/a>\n\t\t\t\t<div class=\"product-group-button\"><\/div>\t\t\t\n\t\t<\/div>\n\t\t<div class=\"meta-wrapper\">\n\t\t\t<h3 class=\"heading-title product-name\"><a href=\"https:\/\/www.mojatorta.hr\/novo\/product\/crno-bijela-torta\/\">Crno-bijela torta<\/a><\/h3>\n\t<span class=\"price\"><span class=\"woocommerce-Price-amount amount\"><bdi>24,00&nbsp;<span class=\"woocommerce-Price-currencySymbol\">&euro;<\/span><\/bdi><\/span><\/span>\n\t<div class=\"short-description\">\n\t\tKremasta torta sa \u010dokoladom i \u0161lagom.\t<\/div>\n\t<div class=\"product-group-button-meta\"><div class=\"loop-add-to-cart\"><a href=\"\/novo\/wp-json\/wp\/v2\/pages\/19261?add-to-cart=34\" data-quantity=\"1\" class=\"button product_type_simple add_to_cart_button ajax_add_to_cart\" data-product_id=\"34\" data-product_sku=\"\" aria-label=\"Dodaj u ko\u0161aricu: &quot;Crno-bijela torta&quot;\" rel=\"nofollow\" data-success_message=\"&quot;Crno-bijela torta&quot; je dodan u va\u0161u ko\u0161aricu\"><span class=\"ts-tooltip button-tooltip\">Dodaj u ko\u0161aricu<\/span><\/a><\/div><\/div>\t\t<\/div>\n\t<\/div>\n<\/section><section class=\"product type-product post-32 status-publish first instock product_cat-torte product_tag-torte has-post-thumbnail shipping-taxable purchasable product-type-simple\" data-product_id=\"32\">\n\t<div class=\"product-wrapper\">\n\t\t\t\n\t\t<div class=\"thumbnail-wrapper\">\n\t\t\t<a href=\"https:\/\/www.mojatorta.hr\/novo\/product\/torta-dvije-cokolade\/\">\n\n\t\t\t\t<figure class=\"no-back-image\"><img loading=\"lazy\" decoding=\"async\" src=\"https:\/\/www.mojatorta.hr\/novo\/wp-content\/themes\/mydecor\/images\/prod_loading.gif\" data-src=\"https:\/\/www.mojatorta.hr\/novo\/wp-content\/uploads\/2024\/03\/Dvije_cokolade-450x450.jpg\" class=\"attachment-shop_catalog wp-post-image ts-lazy-load\" alt=\"\" width=\"450\" height=\"450\" \/><\/figure>\n\t\t\t<\/a>\n\t\t\t\t<div class=\"product-group-button\"><\/div>\t\t\t\n\t\t<\/div>\n\t\t<div class=\"meta-wrapper\">\n\t\t\t<h3 class=\"heading-title product-name\"><a href=\"https:\/\/www.mojatorta.hr\/novo\/product\/torta-dvije-cokolade\/\">Torta dvije \u010dokolade<\/a><\/h3>\n\t<span class=\"price\"><span class=\"woocommerce-Price-amount amount\"><bdi>24,00&nbsp;<span class=\"woocommerce-Price-currencySymbol\">&euro;<\/span><\/bdi><\/span><\/span>\n\t<div class=\"short-description\">\n\t\tPoznata \u010dokoladna torta s kombinacijom mlije\u010dne i tamne\t<\/div>\n\t<div class=\"product-group-button-meta\"><div class=\"loop-add-to-cart\"><a href=\"\/novo\/wp-json\/wp\/v2\/pages\/19261?add-to-cart=32\" data-quantity=\"1\" class=\"button product_type_simple add_to_cart_button ajax_add_to_cart\" data-product_id=\"32\" data-product_sku=\"\" aria-label=\"Dodaj u ko\u0161aricu: &quot;Torta dvije \u010dokolade&quot;\" rel=\"nofollow\" data-success_message=\"&quot;Torta dvije \u010dokolade&quot; je dodan u va\u0161u ko\u0161aricu\"><span class=\"ts-tooltip button-tooltip\">Dodaj u ko\u0161aricu<\/span><\/a><\/div><\/div>\t\t<\/div>\n\t<\/div>\n<\/section><section class=\"product type-product post-30 status-publish instock product_cat-torte product_tag-torte has-post-thumbnail shipping-taxable purchasable product-type-simple\" data-product_id=\"30\">\n\t<div class=\"product-wrapper\">\n\t\t\t\n\t\t<div class=\"thumbnail-wrapper\">\n\t\t\t<a href=\"https:\/\/www.mojatorta.hr\/novo\/product\/torta-bijela-cokolada-malina\/\">\n\n\t\t\t\t<figure class=\"no-back-image\"><img loading=\"lazy\" decoding=\"async\" src=\"https:\/\/www.mojatorta.hr\/novo\/wp-content\/themes\/mydecor\/images\/prod_loading.gif\" data-src=\"https:\/\/www.mojatorta.hr\/novo\/wp-content\/uploads\/2024\/03\/Malina_Cheesecake-450x450.jpg\" class=\"attachment-shop_catalog wp-post-image ts-lazy-load\" alt=\"\" width=\"450\" height=\"450\" \/><\/figure>\n\t\t\t<\/a>\n\t\t\t\t<div class=\"product-group-button\"><\/div>\t\t\t\n\t\t<\/div>\n\t\t<div class=\"meta-wrapper\">\n\t\t\t<h3 class=\"heading-title product-name\"><a href=\"https:\/\/www.mojatorta.hr\/novo\/product\/torta-bijela-cokolada-malina\/\">Torta bijela \u010dokolada-malina<\/a><\/h3>\n\t<span class=\"price\"><span class=\"woocommerce-Price-amount amount\"><bdi>24,00&nbsp;<span class=\"woocommerce-Price-currencySymbol\">&euro;<\/span><\/bdi><\/span><\/span>\n\t<div class=\"short-description\">\n\t\tOsvje\u017eavaju\u0107a ljetna torta s kremom od sira i\t<\/div>\n\t<div class=\"product-group-button-meta\"><div class=\"loop-add-to-cart\"><a href=\"\/novo\/wp-json\/wp\/v2\/pages\/19261?add-to-cart=30\" data-quantity=\"1\" class=\"button product_type_simple add_to_cart_button ajax_add_to_cart\" data-product_id=\"30\" data-product_sku=\"\" aria-label=\"Dodaj u ko\u0161aricu: &quot;Torta bijela \u010dokolada-malina&quot;\" rel=\"nofollow\" data-success_message=\"&quot;Torta bijela \u010dokolada-malina&quot; je dodan u va\u0161u ko\u0161aricu\"><span class=\"ts-tooltip button-tooltip\">Dodaj u ko\u0161aricu<\/span><\/a><\/div><\/div>\t\t<\/div>\n\t<\/div>\n<\/section><section class=\"product type-product post-28 status-publish instock product_cat-torte product_tag-torte has-post-thumbnail shipping-taxable purchasable product-type-simple\" data-product_id=\"28\">\n\t<div class=\"product-wrapper\">\n\t\t\t\n\t\t<div class=\"thumbnail-wrapper\">\n\t\t\t<a href=\"https:\/\/www.mojatorta.hr\/novo\/product\/pistacio-torta\/\">\n\n\t\t\t\t<figure class=\"no-back-image\"><img loading=\"lazy\" decoding=\"async\" src=\"https:\/\/www.mojatorta.hr\/novo\/wp-content\/themes\/mydecor\/images\/prod_loading.gif\" data-src=\"https:\/\/www.mojatorta.hr\/novo\/wp-content\/uploads\/2024\/03\/Torta_Pistacio-450x450.jpg\" class=\"attachment-shop_catalog wp-post-image ts-lazy-load\" alt=\"\" width=\"450\" height=\"450\" \/><\/figure>\n\t\t\t<\/a>\n\t\t\t\t<div class=\"product-group-button\"><\/div>\t\t\t\n\t\t<\/div>\n\t\t<div class=\"meta-wrapper\">\n\t\t\t<h3 class=\"heading-title product-name\"><a href=\"https:\/\/www.mojatorta.hr\/novo\/product\/pistacio-torta\/\">Pistacio torta<\/a><\/h3>\n\t<span class=\"price\"><span class=\"woocommerce-Price-amount amount\"><bdi>28,00&nbsp;<span class=\"woocommerce-Price-currencySymbol\">&euro;<\/span><\/bdi><\/span><\/span>\n\t<div class=\"short-description\">\n\t\tPremium torta sa kremom od pistacija i \u0161lagom.\t<\/div>\n\t<div class=\"product-group-button-meta\"><div class=\"loop-add-to-cart\"><a href=\"\/novo\/wp-json\/wp\/v2\/pages\/19261?add-to-cart=28\" data-quantity=\"1\" class=\"button product_type_simple add_to_cart_button ajax_add_to_cart\" data-product_id=\"28\" data-product_sku=\"\" aria-label=\"Dodaj u ko\u0161aricu: &quot;Pistacio torta&quot;\" rel=\"nofollow\" data-success_message=\"&quot;Pistacio torta&quot; je dodan u va\u0161u ko\u0161aricu\"><span class=\"ts-tooltip button-tooltip\">Dodaj u ko\u0161aricu<\/span><\/a><\/div><\/div>\t\t<\/div>\n\t<\/div>\n<\/section><section class=\"product type-product post-26 status-publish last instock product_cat-torte product_tag-torte has-post-thumbnail shipping-taxable purchasable product-type-simple\" data-product_id=\"26\">\n\t<div class=\"product-wrapper\">\n\t\t\t\n\t\t<div class=\"thumbnail-wrapper\">\n\t\t\t<a href=\"https:\/\/www.mojatorta.hr\/novo\/product\/torta-s-oreo-keksima\/\">\n\n\t\t\t\t<figure class=\"no-back-image\"><img loading=\"lazy\" decoding=\"async\" src=\"https:\/\/www.mojatorta.hr\/novo\/wp-content\/themes\/mydecor\/images\/prod_loading.gif\" data-src=\"https:\/\/www.mojatorta.hr\/novo\/wp-content\/uploads\/2024\/03\/Oreo_torta-450x450.jpg\" class=\"attachment-shop_catalog wp-post-image ts-lazy-load\" alt=\"\" width=\"450\" height=\"450\" \/><\/figure>\n\t\t\t<\/a>\n\t\t\t\t<div class=\"product-group-button\"><\/div>\t\t\t\n\t\t<\/div>\n\t\t<div class=\"meta-wrapper\">\n\t\t\t<h3 class=\"heading-title product-name\"><a href=\"https:\/\/www.mojatorta.hr\/novo\/product\/torta-s-oreo-keksima\/\">Torta s oreo keksima<\/a><\/h3>\n\t<span class=\"price\"><span class=\"woocommerce-Price-amount amount\"><bdi>24,00&nbsp;<span class=\"woocommerce-Price-currencySymbol\">&euro;<\/span><\/bdi><\/span><\/span>\n\t<div class=\"short-description\">\n\t\tKremasta torta s originalnim oreo keksima.\t<\/div>\n\t<div class=\"product-group-button-meta\"><div class=\"loop-add-to-cart\"><a href=\"\/novo\/wp-json\/wp\/v2\/pages\/19261?add-to-cart=26\" data-quantity=\"1\" class=\"button product_type_simple add_to_cart_button ajax_add_to_cart\" data-product_id=\"26\" data-product_sku=\"\" aria-label=\"Dodaj u ko\u0161aricu: &quot;Torta s oreo keksima&quot;\" rel=\"nofollow\" data-success_message=\"&quot;Torta s oreo keksima&quot; je dodan u va\u0161u ko\u0161aricu\"><span class=\"ts-tooltip button-tooltip\">Dodaj u ko\u0161aricu<\/span><\/a><\/div><\/div>\t\t<\/div>\n\t<\/div>\n<\/section><section class=\"product type-product post-24 status-publish first instock product_cat-torte product_tag-torte has-post-thumbnail shipping-taxable purchasable product-type-simple\" data-product_id=\"24\">\n\t<div class=\"product-wrapper\">\n\t\t\t\n\t\t<div class=\"thumbnail-wrapper\">\n\t\t\t<a href=\"https:\/\/www.mojatorta.hr\/novo\/product\/coko-kokos-torta\/\">\n\n\t\t\t\t<figure class=\"no-back-image\"><img loading=\"lazy\" decoding=\"async\" src=\"https:\/\/www.mojatorta.hr\/novo\/wp-content\/themes\/mydecor\/images\/prod_loading.gif\" data-src=\"https:\/\/www.mojatorta.hr\/novo\/wp-content\/uploads\/2024\/03\/Torta-Coko-kokos-450x450.jpg\" class=\"attachment-shop_catalog wp-post-image ts-lazy-load\" alt=\"\" width=\"450\" height=\"450\" \/><\/figure>\n\t\t\t<\/a>\n\t\t\t\t<div class=\"product-group-button\"><\/div>\t\t\t\n\t\t<\/div>\n\t\t<div class=\"meta-wrapper\">\n\t\t\t<h3 class=\"heading-title product-name\"><a href=\"https:\/\/www.mojatorta.hr\/novo\/product\/coko-kokos-torta\/\">\u010coko-kokos torta<\/a><\/h3>\n\t<span class=\"price\"><span class=\"woocommerce-Price-amount amount\"><bdi>24,00&nbsp;<span class=\"woocommerce-Price-currencySymbol\">&euro;<\/span><\/bdi><\/span><\/span>\n\t<div class=\"short-description\">\n\t\tLagana torta od \u010dokolade i kokosa.\t<\/div>\n\t<div class=\"product-group-button-meta\"><div class=\"loop-add-to-cart\"><a href=\"\/novo\/wp-json\/wp\/v2\/pages\/19261?add-to-cart=24\" data-quantity=\"1\" class=\"button product_type_simple add_to_cart_button ajax_add_to_cart\" data-product_id=\"24\" data-product_sku=\"\" aria-label=\"Dodaj u ko\u0161aricu: &quot;\u010coko-kokos torta&quot;\" rel=\"nofollow\" data-success_message=\"&quot;\u010coko-kokos torta&quot; je dodan u va\u0161u ko\u0161aricu\"><span class=\"ts-tooltip button-tooltip\">Dodaj u ko\u0161aricu<\/span><\/a><\/div><\/div>\t\t<\/div>\n\t<\/div>\n<\/section><section class=\"product type-product post-22 status-publish instock product_cat-torte product_tag-torte has-post-thumbnail shipping-taxable purchasable product-type-simple\" data-product_id=\"22\">\n\t<div class=\"product-wrapper\">\n\t\t\t\n\t\t<div class=\"thumbnail-wrapper\">\n\t\t\t<a href=\"https:\/\/www.mojatorta.hr\/novo\/product\/cheesecake-sumsko-voce\/\">\n\n\t\t\t\t<figure class=\"no-back-image\"><img loading=\"lazy\" decoding=\"async\" src=\"https:\/\/www.mojatorta.hr\/novo\/wp-content\/themes\/mydecor\/images\/prod_loading.gif\" data-src=\"https:\/\/www.mojatorta.hr\/novo\/wp-content\/uploads\/2024\/03\/Cheesecake-sumsko-voce-450x450.jpg\" class=\"attachment-shop_catalog wp-post-image ts-lazy-load\" alt=\"\" width=\"450\" height=\"450\" \/><\/figure>\n\t\t\t<\/a>\n\t\t\t\t<div class=\"product-group-button\"><\/div>\t\t\t\n\t\t<\/div>\n\t\t<div class=\"meta-wrapper\">\n\t\t\t<h3 class=\"heading-title product-name\"><a href=\"https:\/\/www.mojatorta.hr\/novo\/product\/cheesecake-sumsko-voce\/\">Cheesecake \u0161umsko vo\u0107e<\/a><\/h3>\n\t<span class=\"price\"><span class=\"woocommerce-Price-amount amount\"><bdi>24,00&nbsp;<span class=\"woocommerce-Price-currencySymbol\">&euro;<\/span><\/bdi><\/span><\/span>\n\t<div class=\"short-description\">\n\t\tKlasi\u010dna cheesecake torta sa \u017eele preljevom od \u0161umskog\t<\/div>\n\t<div class=\"product-group-button-meta\"><div class=\"loop-add-to-cart\"><a href=\"\/novo\/wp-json\/wp\/v2\/pages\/19261?add-to-cart=22\" data-quantity=\"1\" class=\"button product_type_simple add_to_cart_button ajax_add_to_cart\" data-product_id=\"22\" data-product_sku=\"\" aria-label=\"Dodaj u ko\u0161aricu: &quot;Cheesecake \u0161umsko vo\u0107e&quot;\" rel=\"nofollow\" data-success_message=\"&quot;Cheesecake \u0161umsko vo\u0107e&quot; je dodan u va\u0161u ko\u0161aricu\"><span class=\"ts-tooltip button-tooltip\">Dodaj u ko\u0161aricu<\/span><\/a><\/div><\/div>\t\t<\/div>\n\t<\/div>\n<\/section><\/div>\t\t\t<\/div>\n\t\t\t\n\t\t\t\t\t\t\n\t\t<\/div>\n\t\t\t\t\t\t<\/div>\n\t\t\t\t<\/div>\n\t\t\t\t\t<\/div>\n\t\t\t\t<\/div>\n\t\t\t\t<\/div>\n\t\t","protected":false},"excerpt":{"rendered":"<p>Torte \u010coko-keks torta 24,00&nbsp;&euro; Ime govori sve &#8211; \u010dokoladna torta s keksom, Add to cart Parfe torta \u0161umsko vo\u0107e 24,00&nbsp;&euro; Kremasta, ljetna torta s \u0161umskim vo\u0107em. Add to cart Schwarzwald torta 24,00&nbsp;&euro; Njema\u010dki klasik, torta sa \u010dokoladom, \u0161lagom i vi\u0161njama. Add to cart Crno-bijela torta 24,00&nbsp;&euro; Kremasta torta sa \u010dokoladom i \u0161lagom. Add to cart [&hellip;]<\/p>\n","protected":false},"author":1,"featured_media":0,"parent":0,"menu_order":0,"comment_status":"closed","ping_status":"closed","template":"","meta":{"footnotes":""},"class_list":["post-19261","page","type-page","status-publish","hentry"],"aioseo_notices":[],"_links":{"self":[{"href":"https:\/\/www.mojatorta.hr\/novo\/wp-json\/wp\/v2\/pages\/19261","targetHints":{"allow":["GET"]}}],"collection":[{"href":"https:\/\/www.mojatorta.hr\/novo\/wp-json\/wp\/v2\/pages"}],"about":[{"href":"https:\/\/www.mojatorta.hr\/novo\/wp-json\/wp\/v2\/types\/page"}],"author":[{"embeddable":true,"href":"https:\/\/www.mojatorta.hr\/novo\/wp-json\/wp\/v2\/users\/1"}],"replies":[{"embeddable":true,"href":"https:\/\/www.mojatorta.hr\/novo\/wp-json\/wp\/v2\/comments?post=19261"}],"version-history":[{"count":16,"href":"https:\/\/www.mojatorta.hr\/novo\/wp-json\/wp\/v2\/pages\/19261\/revisions"}],"predecessor-version":[{"id":19458,"href":"https:\/\/www.mojatorta.hr\/novo\/wp-json\/wp\/v2\/pages\/19261\/revisions\/19458"}],"wp:attachment":[{"href":"https:\/\/www.mojatorta.hr\/novo\/wp-json\/wp\/v2\/media?parent=19261"}],"curies":[{"name":"wp","href":"https:\/\/api.w.org\/{rel}","templated":true}]}}