{"id":19266,"date":"2024-04-02T08:48:07","date_gmt":"2024-04-02T06:48:07","guid":{"rendered":"https:\/\/www.mojatorta.hr\/novo\/?page_id=19266"},"modified":"2024-06-04T14:35:27","modified_gmt":"2024-06-04T12:35:27","slug":"kolaci","status":"publish","type":"page","link":"https:\/\/www.mojatorta.hr\/novo\/kolaci\/","title":{"rendered":"Kola\u010di"},"content":{"rendered":"\t\t<div data-elementor-type=\"wp-page\" data-elementor-id=\"19266\" class=\"elementor elementor-19266\" data-elementor-post-type=\"page\">\n\t\t\t\t<div class=\"elementor-element elementor-element-e63b1ae e-flex e-con-boxed e-con e-parent\" data-id=\"e63b1ae\" data-element_type=\"container\" data-settings=\"{&quot;background_background&quot;:&quot;classic&quot;}\">\n\t\t\t\t\t<div class=\"e-con-inner\">\n\t\t<div class=\"elementor-element elementor-element-e6caf9e e-flex e-con-boxed e-con e-child\" data-id=\"e6caf9e\" data-element_type=\"container\" data-settings=\"{&quot;background_background&quot;:&quot;classic&quot;}\">\n\t\t\t\t\t<div class=\"e-con-inner\">\n\t\t<div class=\"elementor-element elementor-element-911e4cf e-con-full e-flex e-con e-child\" data-id=\"911e4cf\" data-element_type=\"container\" data-settings=\"{&quot;background_background&quot;:&quot;classic&quot;}\">\n\t\t\t\t<div class=\"elementor-element elementor-element-6792182 elementor-widget elementor-widget-heading\" data-id=\"6792182\" data-element_type=\"widget\" data-widget_type=\"heading.default\">\n\t\t\t\t<div class=\"elementor-widget-container\">\n\t\t\t\t\t<h2 class=\"elementor-heading-title elementor-size-default\">Kola\u010di<\/h2>\t\t\t\t<\/div>\n\t\t\t\t<\/div>\n\t\t\t\t<\/div>\n\t\t\t\t\t<\/div>\n\t\t\t\t<\/div>\n\t\t\t\t\t<\/div>\n\t\t\t\t<\/div>\n\t\t<div class=\"elementor-element elementor-element-534dbbf e-flex e-con-boxed e-con e-parent\" data-id=\"534dbbf\" data-element_type=\"container\">\n\t\t\t\t\t<div class=\"e-con-inner\">\n\t\t\t\t<div class=\"elementor-element elementor-element-1b88bf3 elementor-widget elementor-widget-ts-products\" data-id=\"1b88bf3\" data-element_type=\"widget\" data-widget_type=\"ts-products.default\">\n\t\t\t\t<div class=\"elementor-widget-container\">\n\t\t\t\t\t\t\t<div class=\"ts-product-wrapper ts-shortcode ts-product woocommerce columns-4 recent title-default\" >\n\t\t\n\t\t\t\t\t\t\n\t\t\t<div class=\"content-wrapper \">\n\t\t\t\t<div class=\"products\"><section class=\"product type-product post-19225 status-publish first instock product_cat-kolaci product_tag-kolaci has-post-thumbnail shipping-taxable purchasable product-type-simple\" data-product_id=\"19225\">\n\t<div class=\"product-wrapper\">\n\t\t\t\n\t\t<div class=\"thumbnail-wrapper\">\n\t\t\t<a href=\"https:\/\/www.mojatorta.hr\/novo\/product\/ledeni-vjetar\/\">\n\n\t\t\t\t<figure class=\"no-back-image\"><img fetchpriority=\"high\" decoding=\"async\" src=\"https:\/\/www.mojatorta.hr\/novo\/wp-content\/themes\/mydecor\/images\/prod_loading.gif\" data-src=\"https:\/\/www.mojatorta.hr\/novo\/wp-content\/uploads\/2024\/03\/Kolac-Ledeni-vjetar-450x450.jpg\" class=\"attachment-shop_catalog wp-post-image ts-lazy-load\" alt=\"\" width=\"450\" height=\"450\" \/><\/figure>\n\t\t\t<\/a>\n\t\t\t\t<div class=\"product-group-button\"><\/div>\t\t\t\n\t\t<\/div>\n\t\t<div class=\"meta-wrapper\">\n\t\t\t<h3 class=\"heading-title product-name\"><a href=\"https:\/\/www.mojatorta.hr\/novo\/product\/ledeni-vjetar\/\">Ledeni vjetar<\/a><\/h3>\n\t<span class=\"price\"><span class=\"woocommerce-Price-amount amount\"><bdi>2,00&nbsp;<span class=\"woocommerce-Price-currencySymbol\">&euro;<\/span><\/bdi><\/span><\/span>\n<div class=\"product-group-button-meta\"><div class=\"loop-add-to-cart\"><a href=\"\/novo\/wp-json\/wp\/v2\/pages\/19266?add-to-cart=19225\" data-quantity=\"1\" class=\"button product_type_simple add_to_cart_button ajax_add_to_cart\" data-product_id=\"19225\" data-product_sku=\"\" aria-label=\"Dodaj u ko\u0161aricu: &quot;Ledeni vjetar&quot;\" rel=\"nofollow\" data-success_message=\"&quot;Ledeni vjetar&quot; je dodan u va\u0161u ko\u0161aricu\"><span class=\"ts-tooltip button-tooltip\">Dodaj u ko\u0161aricu<\/span><\/a><\/div><\/div>\t\t<\/div>\n\t<\/div>\n<\/section><section class=\"product type-product post-19223 status-publish instock product_cat-kolaci product_tag-kolaci has-post-thumbnail shipping-taxable purchasable product-type-simple\" data-product_id=\"19223\">\n\t<div class=\"product-wrapper\">\n\t\t\t\n\t\t<div class=\"thumbnail-wrapper\">\n\t\t\t<a href=\"https:\/\/www.mojatorta.hr\/novo\/product\/tiramisu\/\">\n\n\t\t\t\t<figure class=\"no-back-image\"><img decoding=\"async\" src=\"https:\/\/www.mojatorta.hr\/novo\/wp-content\/themes\/mydecor\/images\/prod_loading.gif\" data-src=\"https:\/\/www.mojatorta.hr\/novo\/wp-content\/uploads\/2024\/03\/Kolac-Tiramisu-450x450.jpg\" class=\"attachment-shop_catalog wp-post-image ts-lazy-load\" alt=\"\" width=\"450\" height=\"450\" \/><\/figure>\n\t\t\t<\/a>\n\t\t\t\t<div class=\"product-group-button\"><\/div>\t\t\t\n\t\t<\/div>\n\t\t<div class=\"meta-wrapper\">\n\t\t\t<h3 class=\"heading-title product-name\"><a href=\"https:\/\/www.mojatorta.hr\/novo\/product\/tiramisu\/\">Tiramisu<\/a><\/h3>\n\t<span class=\"price\"><span class=\"woocommerce-Price-amount amount\"><bdi>1,85&nbsp;<span class=\"woocommerce-Price-currencySymbol\">&euro;<\/span><\/bdi><\/span><\/span>\n<div class=\"product-group-button-meta\"><div class=\"loop-add-to-cart\"><a href=\"\/novo\/wp-json\/wp\/v2\/pages\/19266?add-to-cart=19223\" data-quantity=\"1\" class=\"button product_type_simple add_to_cart_button ajax_add_to_cart\" data-product_id=\"19223\" data-product_sku=\"\" aria-label=\"Dodaj u ko\u0161aricu: &quot;Tiramisu&quot;\" rel=\"nofollow\" data-success_message=\"&quot;Tiramisu&quot; je dodan u va\u0161u ko\u0161aricu\"><span class=\"ts-tooltip button-tooltip\">Dodaj u ko\u0161aricu<\/span><\/a><\/div><\/div>\t\t<\/div>\n\t<\/div>\n<\/section><section class=\"product type-product post-19220 status-publish instock product_cat-kolaci product_tag-kolaci has-post-thumbnail shipping-taxable purchasable product-type-simple\" data-product_id=\"19220\">\n\t<div class=\"product-wrapper\">\n\t\t\t\n\t\t<div class=\"thumbnail-wrapper\">\n\t\t\t<a href=\"https:\/\/www.mojatorta.hr\/novo\/product\/pita-sir\/\">\n\n\t\t\t\t<figure class=\"no-back-image\"><img decoding=\"async\" src=\"https:\/\/www.mojatorta.hr\/novo\/wp-content\/themes\/mydecor\/images\/prod_loading.gif\" data-src=\"https:\/\/www.mojatorta.hr\/novo\/wp-content\/uploads\/2024\/03\/Pita-sir-450x450.jpg\" class=\"attachment-shop_catalog wp-post-image ts-lazy-load\" alt=\"\" width=\"450\" height=\"450\" \/><\/figure>\n\t\t\t<\/a>\n\t\t\t\t<div class=\"product-group-button\"><\/div>\t\t\t\n\t\t<\/div>\n\t\t<div class=\"meta-wrapper\">\n\t\t\t<h3 class=\"heading-title product-name\"><a href=\"https:\/\/www.mojatorta.hr\/novo\/product\/pita-sir\/\">Pita sir<\/a><\/h3>\n\t<span class=\"price\"><span class=\"woocommerce-Price-amount amount\"><bdi>1,06&nbsp;<span class=\"woocommerce-Price-currencySymbol\">&euro;<\/span><\/bdi><\/span><\/span>\n<div class=\"product-group-button-meta\"><div class=\"loop-add-to-cart\"><a href=\"\/novo\/wp-json\/wp\/v2\/pages\/19266?add-to-cart=19220\" data-quantity=\"1\" class=\"button product_type_simple add_to_cart_button ajax_add_to_cart\" data-product_id=\"19220\" data-product_sku=\"\" aria-label=\"Dodaj u ko\u0161aricu: &quot;Pita sir&quot;\" rel=\"nofollow\" data-success_message=\"&quot;Pita sir&quot; je dodan u va\u0161u ko\u0161aricu\"><span class=\"ts-tooltip button-tooltip\">Dodaj u ko\u0161aricu<\/span><\/a><\/div><\/div>\t\t<\/div>\n\t<\/div>\n<\/section><section class=\"product type-product post-19219 status-publish last instock product_cat-kolaci product_tag-kolaci has-post-thumbnail shipping-taxable purchasable product-type-simple\" data-product_id=\"19219\">\n\t<div class=\"product-wrapper\">\n\t\t\t\n\t\t<div class=\"thumbnail-wrapper\">\n\t\t\t<a href=\"https:\/\/www.mojatorta.hr\/novo\/product\/pita-jabuka\/\">\n\n\t\t\t\t<figure class=\"no-back-image\"><img loading=\"lazy\" decoding=\"async\" src=\"https:\/\/www.mojatorta.hr\/novo\/wp-content\/themes\/mydecor\/images\/prod_loading.gif\" data-src=\"https:\/\/www.mojatorta.hr\/novo\/wp-content\/uploads\/2024\/03\/Pita-jabuka-450x450.jpg\" class=\"attachment-shop_catalog wp-post-image ts-lazy-load\" alt=\"\" width=\"450\" height=\"450\" \/><\/figure>\n\t\t\t<\/a>\n\t\t\t\t<div class=\"product-group-button\"><\/div>\t\t\t\n\t\t<\/div>\n\t\t<div class=\"meta-wrapper\">\n\t\t\t<h3 class=\"heading-title product-name\"><a href=\"https:\/\/www.mojatorta.hr\/novo\/product\/pita-jabuka\/\">Pita jabuka<\/a><\/h3>\n\t<span class=\"price\"><span class=\"woocommerce-Price-amount amount\"><bdi>1,06&nbsp;<span class=\"woocommerce-Price-currencySymbol\">&euro;<\/span><\/bdi><\/span><\/span>\n<div class=\"product-group-button-meta\"><div class=\"loop-add-to-cart\"><a href=\"\/novo\/wp-json\/wp\/v2\/pages\/19266?add-to-cart=19219\" data-quantity=\"1\" class=\"button product_type_simple add_to_cart_button ajax_add_to_cart\" data-product_id=\"19219\" data-product_sku=\"\" aria-label=\"Dodaj u ko\u0161aricu: &quot;Pita jabuka&quot;\" rel=\"nofollow\" data-success_message=\"&quot;Pita jabuka&quot; je dodan u va\u0161u ko\u0161aricu\"><span class=\"ts-tooltip button-tooltip\">Dodaj u ko\u0161aricu<\/span><\/a><\/div><\/div>\t\t<\/div>\n\t<\/div>\n<\/section><section class=\"product type-product post-19217 status-publish first instock product_cat-kolaci product_tag-kolaci has-post-thumbnail shipping-taxable purchasable product-type-simple\" data-product_id=\"19217\">\n\t<div class=\"product-wrapper\">\n\t\t\t\n\t\t<div class=\"thumbnail-wrapper\">\n\t\t\t<a href=\"https:\/\/www.mojatorta.hr\/novo\/product\/krempita\/\">\n\n\t\t\t\t<figure class=\"no-back-image\"><img loading=\"lazy\" decoding=\"async\" src=\"https:\/\/www.mojatorta.hr\/novo\/wp-content\/themes\/mydecor\/images\/prod_loading.gif\" data-src=\"https:\/\/www.mojatorta.hr\/novo\/wp-content\/uploads\/2024\/03\/Kolac-Krempita-450x450.jpg\" class=\"attachment-shop_catalog wp-post-image ts-lazy-load\" alt=\"\" width=\"450\" height=\"450\" \/><\/figure>\n\t\t\t<\/a>\n\t\t\t\t<div class=\"product-group-button\"><\/div>\t\t\t\n\t\t<\/div>\n\t\t<div class=\"meta-wrapper\">\n\t\t\t<h3 class=\"heading-title product-name\"><a href=\"https:\/\/www.mojatorta.hr\/novo\/product\/krempita\/\">Krem\u0161nita<\/a><\/h3>\n\t<span class=\"price\"><span class=\"woocommerce-Price-amount amount\"><bdi>1,60&nbsp;<span class=\"woocommerce-Price-currencySymbol\">&euro;<\/span><\/bdi><\/span><\/span>\n<div class=\"product-group-button-meta\"><div class=\"loop-add-to-cart\"><a href=\"\/novo\/wp-json\/wp\/v2\/pages\/19266?add-to-cart=19217\" data-quantity=\"1\" class=\"button product_type_simple add_to_cart_button ajax_add_to_cart\" data-product_id=\"19217\" data-product_sku=\"\" aria-label=\"Dodaj u ko\u0161aricu: &quot;Krem\u0161nita&quot;\" rel=\"nofollow\" data-success_message=\"&quot;Krem\u0161nita&quot; je dodan u va\u0161u ko\u0161aricu\"><span class=\"ts-tooltip button-tooltip\">Dodaj u ko\u0161aricu<\/span><\/a><\/div><\/div>\t\t<\/div>\n\t<\/div>\n<\/section><section class=\"product type-product post-19227 status-publish instock product_cat-kolaci product_tag-kolaci has-post-thumbnail shipping-taxable purchasable product-type-simple\" data-product_id=\"19227\">\n\t<div class=\"product-wrapper\">\n\t\t\t\n\t\t<div class=\"thumbnail-wrapper\">\n\t\t\t<a href=\"https:\/\/www.mojatorta.hr\/novo\/product\/domaci-kolaci\/\">\n\n\t\t\t\t<figure class=\"no-back-image\"><img loading=\"lazy\" decoding=\"async\" src=\"https:\/\/www.mojatorta.hr\/novo\/wp-content\/themes\/mydecor\/images\/prod_loading.gif\" data-src=\"https:\/\/www.mojatorta.hr\/novo\/wp-content\/uploads\/2024\/03\/domaci-kolaci-suhi-kremasti-1kg-450x450.jpg\" class=\"attachment-shop_catalog wp-post-image ts-lazy-load\" alt=\"\" width=\"450\" height=\"450\" \/><\/figure>\n\t\t\t<\/a>\n\t\t\t\t<div class=\"product-group-button\"><\/div>\t\t\t\n\t\t<\/div>\n\t\t<div class=\"meta-wrapper\">\n\t\t\t<h3 class=\"heading-title product-name\"><a href=\"https:\/\/www.mojatorta.hr\/novo\/product\/domaci-kolaci\/\">Doma\u0107i mix kola\u010di 1kg<\/a><\/h3>\n\t<span class=\"price\"><span class=\"woocommerce-Price-amount amount\"><bdi>14,00&nbsp;<span class=\"woocommerce-Price-currencySymbol\">&euro;<\/span><\/bdi><\/span><\/span>\n<div class=\"product-group-button-meta\"><div class=\"loop-add-to-cart\"><a href=\"\/novo\/wp-json\/wp\/v2\/pages\/19266?add-to-cart=19227\" data-quantity=\"1\" class=\"button product_type_simple add_to_cart_button ajax_add_to_cart\" data-product_id=\"19227\" data-product_sku=\"\" aria-label=\"Dodaj u ko\u0161aricu: &quot;Doma\u0107i mix kola\u010di 1kg&quot;\" rel=\"nofollow\" data-success_message=\"&quot;Doma\u0107i mix kola\u010di 1kg&quot; je dodan u va\u0161u ko\u0161aricu\"><span class=\"ts-tooltip button-tooltip\">Dodaj u ko\u0161aricu<\/span><\/a><\/div><\/div>\t\t<\/div>\n\t<\/div>\n<\/section><\/div>\t\t\t<\/div>\n\t\t\t\n\t\t\t\t\t\t\n\t\t<\/div>\n\t\t\t\t\t\t<\/div>\n\t\t\t\t<\/div>\n\t\t\t\t\t<\/div>\n\t\t\t\t<\/div>\n\t\t\t\t<\/div>\n\t\t","protected":false},"excerpt":{"rendered":"<p>Kola\u010di Ledeni vjetar 2,00&nbsp;&euro; Add to cart Tiramisu 1,85&nbsp;&euro; Add to cart Pita sir 1,06&nbsp;&euro; Add to cart Pita jabuka 1,06&nbsp;&euro; Add to cart Krem\u0161nita 1,60&nbsp;&euro; Add to cart Doma\u0107i mix kola\u010di 1kg 14,00&nbsp;&euro; Add to cart<\/p>\n","protected":false},"author":1,"featured_media":0,"parent":0,"menu_order":0,"comment_status":"closed","ping_status":"closed","template":"","meta":{"footnotes":""},"class_list":["post-19266","page","type-page","status-publish","hentry"],"aioseo_notices":[],"_links":{"self":[{"href":"https:\/\/www.mojatorta.hr\/novo\/wp-json\/wp\/v2\/pages\/19266","targetHints":{"allow":["GET"]}}],"collection":[{"href":"https:\/\/www.mojatorta.hr\/novo\/wp-json\/wp\/v2\/pages"}],"about":[{"href":"https:\/\/www.mojatorta.hr\/novo\/wp-json\/wp\/v2\/types\/page"}],"author":[{"embeddable":true,"href":"https:\/\/www.mojatorta.hr\/novo\/wp-json\/wp\/v2\/users\/1"}],"replies":[{"embeddable":true,"href":"https:\/\/www.mojatorta.hr\/novo\/wp-json\/wp\/v2\/comments?post=19266"}],"version-history":[{"count":25,"href":"https:\/\/www.mojatorta.hr\/novo\/wp-json\/wp\/v2\/pages\/19266\/revisions"}],"predecessor-version":[{"id":19684,"href":"https:\/\/www.mojatorta.hr\/novo\/wp-json\/wp\/v2\/pages\/19266\/revisions\/19684"}],"wp:attachment":[{"href":"https:\/\/www.mojatorta.hr\/novo\/wp-json\/wp\/v2\/media?parent=19266"}],"curies":[{"name":"wp","href":"https:\/\/api.w.org\/{rel}","templated":true}]}}