{"id":19294,"date":"2024-04-02T09:20:38","date_gmt":"2024-04-02T07:20:38","guid":{"rendered":"https:\/\/www.mojatorta.hr\/novo\/?page_id=19294"},"modified":"2024-04-04T11:31:30","modified_gmt":"2024-04-04T09:31:30","slug":"o-nama","status":"publish","type":"page","link":"https:\/\/www.mojatorta.hr\/novo\/o-nama\/","title":{"rendered":"O nama"},"content":{"rendered":"\t\t<div data-elementor-type=\"wp-page\" data-elementor-id=\"19294\" class=\"elementor elementor-19294\" data-elementor-post-type=\"page\">\n\t\t\t\t<div class=\"elementor-element elementor-element-7539b9a e-flex e-con-boxed e-con e-parent\" data-id=\"7539b9a\" data-element_type=\"container\" data-settings=\"{&quot;background_background&quot;:&quot;classic&quot;}\">\n\t\t\t\t\t<div class=\"e-con-inner\">\n\t\t<div class=\"elementor-element elementor-element-8653273 e-flex e-con-boxed e-con e-child\" data-id=\"8653273\" data-element_type=\"container\" data-settings=\"{&quot;background_background&quot;:&quot;classic&quot;}\">\n\t\t\t\t\t<div class=\"e-con-inner\">\n\t\t<div class=\"elementor-element elementor-element-51bd070 e-flex e-con-boxed e-con e-child\" data-id=\"51bd070\" data-element_type=\"container\" data-settings=\"{&quot;background_background&quot;:&quot;classic&quot;}\">\n\t\t\t\t\t<div class=\"e-con-inner\">\n\t\t<div class=\"elementor-element elementor-element-55a9a70 e-con-full e-flex e-con e-child\" data-id=\"55a9a70\" data-element_type=\"container\" data-settings=\"{&quot;background_background&quot;:&quot;classic&quot;}\">\n\t\t\t\t<div class=\"elementor-element elementor-element-a778c34 elementor-widget elementor-widget-heading\" data-id=\"a778c34\" data-element_type=\"widget\" data-widget_type=\"heading.default\">\n\t\t\t\t<div class=\"elementor-widget-container\">\n\t\t\t\t\t<h2 class=\"elementor-heading-title elementor-size-default\">O nama<\/h2>\t\t\t\t<\/div>\n\t\t\t\t<\/div>\n\t\t\t\t<\/div>\n\t\t\t\t\t<\/div>\n\t\t\t\t<\/div>\n\t\t\t\t\t<\/div>\n\t\t\t\t<\/div>\n\t\t\t\t\t<\/div>\n\t\t\t\t<\/div>\n\t\t<div class=\"elementor-element elementor-element-b977b9d e-flex e-con-boxed e-con e-parent\" data-id=\"b977b9d\" data-element_type=\"container\">\n\t\t\t\t\t<div class=\"e-con-inner\">\n\t\t\t\t<div class=\"elementor-element elementor-element-6c39616 elementor-widget elementor-widget-heading\" data-id=\"6c39616\" data-element_type=\"widget\" data-widget_type=\"heading.default\">\n\t\t\t\t<div class=\"elementor-widget-container\">\n\t\t\t\t\t<h2 class=\"elementor-heading-title elementor-size-default\">Misija<\/h2>\t\t\t\t<\/div>\n\t\t\t\t<\/div>\n\t\t\t\t<div class=\"elementor-element elementor-element-f677b11 elementor-widget elementor-widget-text-editor\" data-id=\"f677b11\" data-element_type=\"widget\" data-widget_type=\"text-editor.default\">\n\t\t\t\t<div class=\"elementor-widget-container\">\n\t\t\t\t\t\t\t\t\t<p>Punih 25 godina svakodnevno s na\u0161im recepturama uz na\u0161 tim s ljubavlju proizvodimo pekarske i slasti\u010darske proizvode.<\/p>\t\t\t\t\t\t\t\t<\/div>\n\t\t\t\t<\/div>\n\t\t\t\t\t<\/div>\n\t\t\t\t<\/div>\n\t\t<div class=\"elementor-element elementor-element-2b856a6 e-flex e-con-boxed e-con e-parent\" data-id=\"2b856a6\" data-element_type=\"container\">\n\t\t\t\t\t<div class=\"e-con-inner\">\n\t\t\t\t<div class=\"elementor-element elementor-element-88a0ee9 elementor-widget elementor-widget-heading\" data-id=\"88a0ee9\" data-element_type=\"widget\" data-widget_type=\"heading.default\">\n\t\t\t\t<div class=\"elementor-widget-container\">\n\t\t\t\t\t<h2 class=\"elementor-heading-title elementor-size-default\">Vizija<\/h2>\t\t\t\t<\/div>\n\t\t\t\t<\/div>\n\t\t\t\t<div class=\"elementor-element elementor-element-e669ea8 elementor-widget elementor-widget-text-editor\" data-id=\"e669ea8\" data-element_type=\"widget\" data-widget_type=\"text-editor.default\">\n\t\t\t\t<div class=\"elementor-widget-container\">\n\t\t\t\t\t\t\t\t\t<p>Svojom inovativno\u0161\u0107u \u017eelimo postaviti nove standarde unutar pekarske i slasti\u010darske industrije na podru\u010dju Like i \u0161ire, po\u0161tuju\u0107i okoli\u0161 iz kojeg dobivamo najsvje\u017eije sastojke.<\/p>\t\t\t\t\t\t\t\t<\/div>\n\t\t\t\t<\/div>\n\t\t\t\t\t<\/div>\n\t\t\t\t<\/div>\n\t\t<div class=\"elementor-element elementor-element-5131206 e-flex e-con-boxed e-con e-parent\" data-id=\"5131206\" data-element_type=\"container\">\n\t\t\t\t\t<div class=\"e-con-inner\">\n\t\t\t\t<div class=\"elementor-element elementor-element-0ccc69b elementor-widget elementor-widget-heading\" data-id=\"0ccc69b\" data-element_type=\"widget\" data-widget_type=\"heading.default\">\n\t\t\t\t<div class=\"elementor-widget-container\">\n\t\t\t\t\t<h2 class=\"elementor-heading-title elementor-size-default\">Na\u0161a pri\u010da<\/h2>\t\t\t\t<\/div>\n\t\t\t\t<\/div>\n\t\t\t\t<div class=\"elementor-element elementor-element-18fdf88 elementor-widget elementor-widget-text-editor\" data-id=\"18fdf88\" data-element_type=\"widget\" data-widget_type=\"text-editor.default\">\n\t\t\t\t<div class=\"elementor-widget-container\">\n\t\t\t\t\t\t\t\t\t<p>Na\u0161a poduzetni\u010dka pri\u010da je krenula prije skoro 25 godina u obiteljskoj ku\u0107i. U skromnim uvjetima po\u010deli smo proizvoditi fine kruhove zbog \u010dijeg mirisa pe\u010denja je posjet pekarnici Tu\u0161ak postao nezaobilazan ne samo petkom kad se i\u0161lo na placu, nego je to ubrzo mnogima postao dio svakodnevne rutine. Posljedica toga je bila da je na\u0161a proizvodnja rasla, na\u0161 asortiman proizvoda se \u0161irio i vrlo brzo smo za\u017eeljeli do\u0107i svakom od na\u0161ih vjernih kupaca u susjedstvo. Pro\u0161irili smo broj prodavaonica kojih sad ima 10 od Gospi\u0107a preko Peru\u0161i\u0107a do Kosinja, Korenice, a i do Karlobaga. Na\u0161 tim trenutno broji preko 50 igra\u010da i time smo postali najve\u0107i tim u prehrambenoj industriji u na\u0161oj \u017eupaniji.<\/p><p>Sad gotovo svakodnevno proizvodimo preko 100 pekarskih i slasti\u010darskih proizvoda, a odnedavno smo se upustili i u proizvodnju vo\u0107nih nadjeva od kojih su 2 i ponosni nositelji oznake \u201eLika Quality\u201c.<\/p>\t\t\t\t\t\t\t\t<\/div>\n\t\t\t\t<\/div>\n\t\t\t\t\t<\/div>\n\t\t\t\t<\/div>\n\t\t<div class=\"elementor-element elementor-element-f96937a e-flex e-con-boxed e-con e-parent\" data-id=\"f96937a\" data-element_type=\"container\">\n\t\t\t\t\t<div class=\"e-con-inner\">\n\t\t<div class=\"elementor-element elementor-element-2562704 e-con-full e-flex e-con e-child\" data-id=\"2562704\" data-element_type=\"container\">\n\t\t\t\t<div class=\"elementor-element elementor-element-76fc704 elementor-widget elementor-widget-image\" data-id=\"76fc704\" data-element_type=\"widget\" data-widget_type=\"image.default\">\n\t\t\t\t<div class=\"elementor-widget-container\">\n\t\t\t\t\t\t\t\t\t\t\t\t\t\t\t\t<a href=\"https:\/\/www.tusak.hr\/\">\n\t\t\t\t\t\t\t<img fetchpriority=\"high\" decoding=\"async\" width=\"1024\" height=\"920\" src=\"https:\/\/www.mojatorta.hr\/novo\/wp-content\/uploads\/2024\/04\/Banner_Tusak_pekare-1024x920-1.png\" class=\"attachment-large size-large wp-image-19296\" alt=\"\" srcset=\"https:\/\/www.mojatorta.hr\/novo\/wp-content\/uploads\/2024\/04\/Banner_Tusak_pekare-1024x920-1.png 1024w, https:\/\/www.mojatorta.hr\/novo\/wp-content\/uploads\/2024\/04\/Banner_Tusak_pekare-1024x920-1-300x270.png 300w, https:\/\/www.mojatorta.hr\/novo\/wp-content\/uploads\/2024\/04\/Banner_Tusak_pekare-1024x920-1-768x690.png 768w, https:\/\/www.mojatorta.hr\/novo\/wp-content\/uploads\/2024\/04\/Banner_Tusak_pekare-1024x920-1-600x539.png 600w\" sizes=\"(max-width: 1024px) 100vw, 1024px\" \/>\t\t\t\t\t\t\t\t<\/a>\n\t\t\t\t\t\t\t\t\t\t\t\t\t\t\t<\/div>\n\t\t\t\t<\/div>\n\t\t\t\t<\/div>\n\t\t<div class=\"elementor-element elementor-element-9698509 e-con-full e-flex e-con e-child\" data-id=\"9698509\" data-element_type=\"container\">\n\t\t\t\t<div class=\"elementor-element elementor-element-ec0651f elementor-widget elementor-widget-image\" data-id=\"ec0651f\" data-element_type=\"widget\" data-widget_type=\"image.default\">\n\t\t\t\t<div class=\"elementor-widget-container\">\n\t\t\t\t\t\t\t\t\t\t\t\t\t\t\t\t<a href=\"https:\/\/www.tusakgrupa.hr\/\">\n\t\t\t\t\t\t\t<img decoding=\"async\" width=\"1024\" height=\"920\" src=\"https:\/\/www.mojatorta.hr\/novo\/wp-content\/uploads\/2024\/04\/Banner_Tusak_grupa-1024x920-1.jpg\" class=\"attachment-large size-large wp-image-19297\" alt=\"\" srcset=\"https:\/\/www.mojatorta.hr\/novo\/wp-content\/uploads\/2024\/04\/Banner_Tusak_grupa-1024x920-1.jpg 1024w, https:\/\/www.mojatorta.hr\/novo\/wp-content\/uploads\/2024\/04\/Banner_Tusak_grupa-1024x920-1-300x270.jpg 300w, https:\/\/www.mojatorta.hr\/novo\/wp-content\/uploads\/2024\/04\/Banner_Tusak_grupa-1024x920-1-768x690.jpg 768w, https:\/\/www.mojatorta.hr\/novo\/wp-content\/uploads\/2024\/04\/Banner_Tusak_grupa-1024x920-1-600x539.jpg 600w\" sizes=\"(max-width: 1024px) 100vw, 1024px\" \/>\t\t\t\t\t\t\t\t<\/a>\n\t\t\t\t\t\t\t\t\t\t\t\t\t\t\t<\/div>\n\t\t\t\t<\/div>\n\t\t\t\t<\/div>\n\t\t\t\t\t<\/div>\n\t\t\t\t<\/div>\n\t\t\t\t<\/div>\n\t\t","protected":false},"excerpt":{"rendered":"<p>O nama Misija Punih 25 godina svakodnevno s na\u0161im recepturama uz na\u0161 tim s ljubavlju proizvodimo pekarske i slasti\u010darske proizvode. Vizija Svojom inovativno\u0161\u0107u \u017eelimo postaviti nove standarde unutar pekarske i slasti\u010darske industrije na podru\u010dju Like i \u0161ire, po\u0161tuju\u0107i okoli\u0161 iz kojeg dobivamo najsvje\u017eije sastojke. Na\u0161a pri\u010da Na\u0161a poduzetni\u010dka pri\u010da je krenula prije skoro 25 godina [&hellip;]<\/p>\n","protected":false},"author":1,"featured_media":0,"parent":0,"menu_order":0,"comment_status":"closed","ping_status":"closed","template":"","meta":{"footnotes":""},"class_list":["post-19294","page","type-page","status-publish","hentry"],"aioseo_notices":[],"_links":{"self":[{"href":"https:\/\/www.mojatorta.hr\/novo\/wp-json\/wp\/v2\/pages\/19294","targetHints":{"allow":["GET"]}}],"collection":[{"href":"https:\/\/www.mojatorta.hr\/novo\/wp-json\/wp\/v2\/pages"}],"about":[{"href":"https:\/\/www.mojatorta.hr\/novo\/wp-json\/wp\/v2\/types\/page"}],"author":[{"embeddable":true,"href":"https:\/\/www.mojatorta.hr\/novo\/wp-json\/wp\/v2\/users\/1"}],"replies":[{"embeddable":true,"href":"https:\/\/www.mojatorta.hr\/novo\/wp-json\/wp\/v2\/comments?post=19294"}],"version-history":[{"count":13,"href":"https:\/\/www.mojatorta.hr\/novo\/wp-json\/wp\/v2\/pages\/19294\/revisions"}],"predecessor-version":[{"id":19467,"href":"https:\/\/www.mojatorta.hr\/novo\/wp-json\/wp\/v2\/pages\/19294\/revisions\/19467"}],"wp:attachment":[{"href":"https:\/\/www.mojatorta.hr\/novo\/wp-json\/wp\/v2\/media?parent=19294"}],"curies":[{"name":"wp","href":"https:\/\/api.w.org\/{rel}","templated":true}]}}