{"id":19225,"date":"2024-03-29T13:56:51","date_gmt":"2024-03-29T12:56:51","guid":{"rendered":"https:\/\/www.mojatorta.hr\/novo\/?post_type=product&#038;p=19225"},"modified":"2024-06-04T14:42:25","modified_gmt":"2024-06-04T12:42:25","slug":"ledeni-vjetar","status":"publish","type":"product","link":"https:\/\/www.mojatorta.hr\/novo\/product\/ledeni-vjetar\/","title":{"rendered":"Ledeni vjetar"},"content":{"rendered":"","protected":false},"excerpt":{"rendered":"<p>Vo\u0107ni kola\u010d za sve prilike.<\/p>\n<h4><em><strong>Opis proizvoda<\/strong><\/em><\/h4>\n<p>Sastav: jaja, \u0161e\u0107er, puding vanilija, mlijeko, margarin, kiwi, \u0161umsko vo\u0107e, banane, limun, \u0161lag, prehrambena boja, fondan masa.<\/p>\n<p><em>Trajnost: 3 dana<br \/>\n<\/em><em>\u010cuvati na temperaturi do\u00a0<\/em><strong>+4 \u00b0C<\/strong><\/p>\n<p><i>Proizvod sadr\u017ei:\u00a0<b>gluten, mlije\u010dne proteine, jaja<\/b><\/i><\/p>\n","protected":false},"featured_media":19226,"template":"","meta":[],"product_brand":[],"product_cat":[137],"product_tag":[138],"class_list":{"0":"post-19225","1":"product","2":"type-product","3":"status-publish","4":"has-post-thumbnail","6":"product_cat-kolaci","7":"product_tag-kolaci","9":"first","10":"instock","11":"shipping-taxable","12":"purchasable","13":"product-type-simple"},"aioseo_notices":[],"_links":{"self":[{"href":"https:\/\/www.mojatorta.hr\/novo\/wp-json\/wp\/v2\/product\/19225","targetHints":{"allow":["GET"]}}],"collection":[{"href":"https:\/\/www.mojatorta.hr\/novo\/wp-json\/wp\/v2\/product"}],"about":[{"href":"https:\/\/www.mojatorta.hr\/novo\/wp-json\/wp\/v2\/types\/product"}],"wp:featuredmedia":[{"embeddable":true,"href":"https:\/\/www.mojatorta.hr\/novo\/wp-json\/wp\/v2\/media\/19226"}],"wp:attachment":[{"href":"https:\/\/www.mojatorta.hr\/novo\/wp-json\/wp\/v2\/media?parent=19225"}],"wp:term":[{"taxonomy":"product_brand","embeddable":true,"href":"https:\/\/www.mojatorta.hr\/novo\/wp-json\/wp\/v2\/product_brand?post=19225"},{"taxonomy":"product_cat","embeddable":true,"href":"https:\/\/www.mojatorta.hr\/novo\/wp-json\/wp\/v2\/product_cat?post=19225"},{"taxonomy":"product_tag","embeddable":true,"href":"https:\/\/www.mojatorta.hr\/novo\/wp-json\/wp\/v2\/product_tag?post=19225"}],"curies":[{"name":"wp","href":"https:\/\/api.w.org\/{rel}","templated":true}]}}