{"id":26,"date":"2024-03-27T08:42:55","date_gmt":"2024-03-27T08:42:55","guid":{"rendered":"https:\/\/www.mojatorta.hr\/novo\/?post_type=product&#038;p=26"},"modified":"2024-05-24T13:39:40","modified_gmt":"2024-05-24T11:39:40","slug":"torta-s-oreo-keksima","status":"publish","type":"product","link":"https:\/\/www.mojatorta.hr\/novo\/product\/torta-s-oreo-keksima\/","title":{"rendered":"Torta s oreo keksima"},"content":{"rendered":"<p>Sastav: p\u0161eni\u010dno bra\u0161no, jaja, \u0161e\u0107er, \u010dokolada za kuhanje bijela, oreo keksi, pra\u0161ak za pecivo, mlijeko, \u017eelatina, margarin, \u0161lag, prehrambena boja.<\/p>\n<p><em>Trajnost: 3 dana<br \/>\n<\/em><em>\u010cuvati na temperaturi do\u00a0<\/em><strong>+4 \u00b0C<\/strong><\/p>\n<p><em>Proizvod sadr\u017ei: <i><b>gluten, mlije\u010dne proizvode, jaja<\/b><\/i><\/em><\/p>\n","protected":false},"excerpt":{"rendered":"<p>Kremasta torta s originalnim oreo keksima.<\/p>\n","protected":false},"featured_media":27,"template":"","meta":[],"product_brand":[],"product_cat":[16],"product_tag":[17],"class_list":{"0":"post-26","1":"product","2":"type-product","3":"status-publish","4":"has-post-thumbnail","6":"product_cat-torte","7":"product_tag-torte","9":"first","10":"instock","11":"shipping-taxable","12":"purchasable","13":"product-type-simple"},"aioseo_notices":[],"_links":{"self":[{"href":"https:\/\/www.mojatorta.hr\/novo\/wp-json\/wp\/v2\/product\/26","targetHints":{"allow":["GET"]}}],"collection":[{"href":"https:\/\/www.mojatorta.hr\/novo\/wp-json\/wp\/v2\/product"}],"about":[{"href":"https:\/\/www.mojatorta.hr\/novo\/wp-json\/wp\/v2\/types\/product"}],"wp:featuredmedia":[{"embeddable":true,"href":"https:\/\/www.mojatorta.hr\/novo\/wp-json\/wp\/v2\/media\/27"}],"wp:attachment":[{"href":"https:\/\/www.mojatorta.hr\/novo\/wp-json\/wp\/v2\/media?parent=26"}],"wp:term":[{"taxonomy":"product_brand","embeddable":true,"href":"https:\/\/www.mojatorta.hr\/novo\/wp-json\/wp\/v2\/product_brand?post=26"},{"taxonomy":"product_cat","embeddable":true,"href":"https:\/\/www.mojatorta.hr\/novo\/wp-json\/wp\/v2\/product_cat?post=26"},{"taxonomy":"product_tag","embeddable":true,"href":"https:\/\/www.mojatorta.hr\/novo\/wp-json\/wp\/v2\/product_tag?post=26"}],"curies":[{"name":"wp","href":"https:\/\/api.w.org\/{rel}","templated":true}]}}