{"id":36,"date":"2024-03-27T08:48:18","date_gmt":"2024-03-27T08:48:18","guid":{"rendered":"https:\/\/www.mojatorta.hr\/novo\/?post_type=product&#038;p=36"},"modified":"2024-05-24T13:36:38","modified_gmt":"2024-05-24T11:36:38","slug":"schwarzwald-torta","status":"publish","type":"product","link":"https:\/\/www.mojatorta.hr\/novo\/product\/schwarzwald-torta\/","title":{"rendered":"Schwarzwald torta"},"content":{"rendered":"<p>Sastav: p\u0161eni\u010dno bra\u0161no, kakao u prahu, jaja, \u0161e\u0107er, mlijeko, margarin, \u0161lag, kompot od vi\u0161anja, jagode, pra\u0161ak za pecivo.<\/p>\n<p style=\"font-weight: 400;\"><em>Trajnost: 3 dana<br \/>\n<\/em><em>\u010cuvati na temperaturi do\u00a0<\/em><strong>+4 \u00b0C<\/strong><\/p>\n<p style=\"font-weight: 400;\"><em>Proizvod sadr\u017ei: <i><b>gluten, mlije\u010dne proteine, jaja<\/b><\/i><\/em><\/p>\n","protected":false},"excerpt":{"rendered":"<p>Njema\u010dki klasik, torta sa \u010dokoladom, \u0161lagom i vi\u0161njama.<\/p>\n","protected":false},"featured_media":37,"template":"","meta":[],"product_brand":[],"product_cat":[16],"product_tag":[17],"class_list":{"0":"post-36","1":"product","2":"type-product","3":"status-publish","4":"has-post-thumbnail","6":"product_cat-torte","7":"product_tag-torte","9":"first","10":"instock","11":"shipping-taxable","12":"purchasable","13":"product-type-simple"},"aioseo_notices":[],"_links":{"self":[{"href":"https:\/\/www.mojatorta.hr\/novo\/wp-json\/wp\/v2\/product\/36","targetHints":{"allow":["GET"]}}],"collection":[{"href":"https:\/\/www.mojatorta.hr\/novo\/wp-json\/wp\/v2\/product"}],"about":[{"href":"https:\/\/www.mojatorta.hr\/novo\/wp-json\/wp\/v2\/types\/product"}],"wp:featuredmedia":[{"embeddable":true,"href":"https:\/\/www.mojatorta.hr\/novo\/wp-json\/wp\/v2\/media\/37"}],"wp:attachment":[{"href":"https:\/\/www.mojatorta.hr\/novo\/wp-json\/wp\/v2\/media?parent=36"}],"wp:term":[{"taxonomy":"product_brand","embeddable":true,"href":"https:\/\/www.mojatorta.hr\/novo\/wp-json\/wp\/v2\/product_brand?post=36"},{"taxonomy":"product_cat","embeddable":true,"href":"https:\/\/www.mojatorta.hr\/novo\/wp-json\/wp\/v2\/product_cat?post=36"},{"taxonomy":"product_tag","embeddable":true,"href":"https:\/\/www.mojatorta.hr\/novo\/wp-json\/wp\/v2\/product_tag?post=36"}],"curies":[{"name":"wp","href":"https:\/\/api.w.org\/{rel}","templated":true}]}}