{"id":40,"date":"2024-03-27T08:50:11","date_gmt":"2024-03-27T08:50:11","guid":{"rendered":"https:\/\/www.mojatorta.hr\/novo\/?post_type=product&#038;p=40"},"modified":"2024-05-24T13:35:08","modified_gmt":"2024-05-24T11:35:08","slug":"coko-keks-torta","status":"publish","type":"product","link":"https:\/\/www.mojatorta.hr\/novo\/product\/coko-keks-torta\/","title":{"rendered":"\u010coko-keks torta"},"content":{"rendered":"<p>Sastav:\u00a0 p\u0161eni\u010dno bra\u0161no, jaja, \u0161e\u0107er, \u010dokolada za kuhanje, pra\u0161ak za pecivo, nougat krema, mlijeko, \u017eelatina, margarin, \u0161lag.<\/p>\n<p style=\"font-weight: 400;\"><em>Trajnost: 3 dana<br \/>\n<\/em><em>\u010cuvati na temperaturi do\u00a0<\/em><strong>+4 \u00b0C<\/strong><\/p>\n<p><i>Proizvod sadr\u017ei:\u00a0<b>gluten, mlije\u010dne proizvode, jaja<\/b><\/i><\/p>\n","protected":false},"excerpt":{"rendered":"<p>Ime govori sve &#8211; \u010dokoladna torta s keksom, poznata kao i <em>Monte<\/em> torta.<\/p>\n","protected":false},"featured_media":41,"template":"","meta":[],"product_brand":[],"product_cat":[16],"product_tag":[17],"class_list":{"0":"post-40","1":"product","2":"type-product","3":"status-publish","4":"has-post-thumbnail","6":"product_cat-torte","7":"product_tag-torte","9":"first","10":"instock","11":"shipping-taxable","12":"purchasable","13":"product-type-simple"},"aioseo_notices":[],"_links":{"self":[{"href":"https:\/\/www.mojatorta.hr\/novo\/wp-json\/wp\/v2\/product\/40","targetHints":{"allow":["GET"]}}],"collection":[{"href":"https:\/\/www.mojatorta.hr\/novo\/wp-json\/wp\/v2\/product"}],"about":[{"href":"https:\/\/www.mojatorta.hr\/novo\/wp-json\/wp\/v2\/types\/product"}],"wp:featuredmedia":[{"embeddable":true,"href":"https:\/\/www.mojatorta.hr\/novo\/wp-json\/wp\/v2\/media\/41"}],"wp:attachment":[{"href":"https:\/\/www.mojatorta.hr\/novo\/wp-json\/wp\/v2\/media?parent=40"}],"wp:term":[{"taxonomy":"product_brand","embeddable":true,"href":"https:\/\/www.mojatorta.hr\/novo\/wp-json\/wp\/v2\/product_brand?post=40"},{"taxonomy":"product_cat","embeddable":true,"href":"https:\/\/www.mojatorta.hr\/novo\/wp-json\/wp\/v2\/product_cat?post=40"},{"taxonomy":"product_tag","embeddable":true,"href":"https:\/\/www.mojatorta.hr\/novo\/wp-json\/wp\/v2\/product_tag?post=40"}],"curies":[{"name":"wp","href":"https:\/\/api.w.org\/{rel}","templated":true}]}}